{"id":227,"date":"2025-09-30T11:29:37","date_gmt":"2025-09-30T14:29:37","guid":{"rendered":"https:\/\/aguasok.cl\/?post_type=product&#038;p=227"},"modified":"2025-10-08T20:22:35","modified_gmt":"2025-10-08T23:22:35","slug":"bidon-retornable-agua-10lts","status":"publish","type":"product","link":"https:\/\/aguasok.cl\/?product=bidon-retornable-agua-10lts","title":{"rendered":"Bid\u00f3n retornable + agua 10lts"},"content":{"rendered":"","protected":false},"excerpt":{"rendered":"<section id=\"markdown-section-5756afd5-b097-41b6-bf6b-b11f9eef42d7-4\" class=\"markdown-section\" data-markdown-raw=\" Disfruta siempre de agua purificada con nuestras recargas de botell\u00f3n de 20 litros, ideales para tu hogar o tu oficina. Nos encargamos de que nunca te falte agua 100% purificada y premiada internacionalmente por su sabor.\" data-section-index=\"4\">\n<section id=\"markdown-section-5756afd5-b097-41b6-bf6b-b11f9eef42d7-2\" class=\"markdown-section\" data-markdown-raw=\" ## **Descripci\u00f3n**\" data-section-index=\"2\">\n<h2><span class=\"markdown-bold-text\">Descripci\u00f3n<\/span><\/h2>\n<\/section>\n<section id=\"markdown-section-5756afd5-b097-41b6-bf6b-b11f9eef42d7-4\" class=\"markdown-section\" data-markdown-raw=\" Disfruta siempre de agua purificada con nuestras recargas de botell\u00f3n de 20 litros, ideales para tu hogar o tu oficina. Nos encargamos de que nunca te falte agua 100% purificada y premiada internacionalmente por su sabor.\" data-section-index=\"4\">Disfruta siempre de agua purificada con nuestras\u00a0recargas de botell\u00f3n de 20 litros, ideales para tu hogar o tu oficina. Nos encargamos de que\u00a0nunca te\u00a0falte agua 100% purificada y premiada internacionalmente por su\u00a0sabor.<\/section>\n<section id=\"markdown-section-5756afd5-b097-41b6-bf6b-b11f9eef42d7-5\" class=\"markdown-section\" data-markdown-raw=\" ## **Importante:**\" data-section-index=\"5\">\n<h2><span class=\"markdown-bold-text\">Importante:<\/span><\/h2>\n<\/section>\n<section id=\"markdown-section-5756afd5-b097-41b6-bf6b-b11f9eef42d7-7\" class=\"markdown-section\" data-markdown-raw=\" Para solicitar esta recarga, necesitas entregar un botell\u00f3n vac\u00edo de Manantial al momento de la entrega. Aseg\u00farate de que el envase sea de nuestra marca para que podamos realizar el cambio sin problemas.\" data-section-index=\"7\">Para solicitar esta recarga, necesitas\u00a0entregar\u00a0un botell\u00f3n vac\u00edo de Manantial al\u00a0momento\u00a0de la entrega. Aseg\u00farate de\u00a0que el envase sea de nuestra marca para que\u00a0podamos realizar el cambio sin\u00a0problemas.<\/section>\n<section id=\"markdown-section-5756afd5-b097-41b6-bf6b-b11f9eef42d7-8\" class=\"markdown-section\" data-markdown-raw=\" ## **Beneficios de elegir Manantial:**\" data-section-index=\"8\">\n<h2><span class=\"markdown-bold-text\">Beneficios de elegir Manantial:<\/span><\/h2>\n<\/section>\n<section id=\"markdown-section-5756afd5-b097-41b6-bf6b-b11f9eef42d7-10\" class=\"markdown-section\" data-markdown-raw=\" \u2705 **Despacho gratuito:** Te llevamos la recarga directamente a tu puerta. \" data-section-index=\"10\">\u2705\u00a0<span class=\"markdown-bold-text\">Despacho gratuito:<\/span>\u00a0Te llevamos la recarga directamente a\u00a0tu puerta.<\/section>\n<section id=\"markdown-section-5756afd5-b097-41b6-bf6b-b11f9eef42d7-11\" class=\"markdown-section\" data-markdown-raw=\" \u2705 **Calidad garantizada:** Agua 100% purificada, libre de sodio y cloro, y premiada internacionalmente por su sabor. \" data-section-index=\"11\">\u2705\u00a0<span class=\"markdown-bold-text\">Calidad garantizada:<\/span>\u00a0Agua 100% purificada, libre de sodio\u00a0y cloro, y premiada internacionalmente por su sabor.<\/section>\n<section id=\"markdown-section-5756afd5-b097-41b6-bf6b-b11f9eef42d7-12\" class=\"markdown-section\" data-markdown-raw=\" \u2705 **Cuidado del medio ambiente:** Nuestros botellones son reciclados al 100% al cumplir su vida \u00fatil. \" data-section-index=\"12\">\u2705\u00a0<span class=\"markdown-bold-text\">Cuidado del medio ambiente:<\/span>\u00a0Nuestros botellones son reciclados al 100% al cumplir su vida \u00fatil.<\/section>\n<section id=\"markdown-section-5756afd5-b097-41b6-bf6b-b11f9eef42d7-14\" class=\"markdown-section\" data-markdown-raw=\" \u00a1Haz tu pedido hoy y asegura tu agua purificada de calidad siempre que la necesites!\" data-section-index=\"14\">\u00a1Haz tu pedido hoy y asegura tu agua purificada de\u00a0calidad siempre que\u00a0la necesites!<\/section>\n<\/section>\n","protected":false},"featured_media":236,"comment_status":"closed","ping_status":"closed","template":"","meta":{"_joinchat":[]},"product_brand":[],"product_cat":[17],"product_tag":[],"class_list":{"0":"post-227","1":"product","2":"type-product","3":"status-publish","4":"has-post-thumbnail","6":"product_cat-bidones-recargable","7":"description-off","9":"first","10":"instock","11":"taxable","12":"shipping-taxable","13":"purchasable","14":"product-type-simple"},"_links":{"self":[{"href":"https:\/\/aguasok.cl\/index.php?rest_route=\/wp\/v2\/product\/227","targetHints":{"allow":["GET"]}}],"collection":[{"href":"https:\/\/aguasok.cl\/index.php?rest_route=\/wp\/v2\/product"}],"about":[{"href":"https:\/\/aguasok.cl\/index.php?rest_route=\/wp\/v2\/types\/product"}],"replies":[{"embeddable":true,"href":"https:\/\/aguasok.cl\/index.php?rest_route=%2Fwp%2Fv2%2Fcomments&post=227"}],"wp:featuredmedia":[{"embeddable":true,"href":"https:\/\/aguasok.cl\/index.php?rest_route=\/wp\/v2\/media\/236"}],"wp:attachment":[{"href":"https:\/\/aguasok.cl\/index.php?rest_route=%2Fwp%2Fv2%2Fmedia&parent=227"}],"wp:term":[{"taxonomy":"product_brand","embeddable":true,"href":"https:\/\/aguasok.cl\/index.php?rest_route=%2Fwp%2Fv2%2Fproduct_brand&post=227"},{"taxonomy":"product_cat","embeddable":true,"href":"https:\/\/aguasok.cl\/index.php?rest_route=%2Fwp%2Fv2%2Fproduct_cat&post=227"},{"taxonomy":"product_tag","embeddable":true,"href":"https:\/\/aguasok.cl\/index.php?rest_route=%2Fwp%2Fv2%2Fproduct_tag&post=227"}],"curies":[{"name":"wp","href":"https:\/\/api.w.org\/{rel}","templated":true}]}}